{"id":2193,"date":"2024-08-20T15:15:20","date_gmt":"2024-08-20T13:15:20","guid":{"rendered":"https:\/\/www.troispetitspas.fr\/?page_id=2193"},"modified":"2024-08-20T15:27:31","modified_gmt":"2024-08-20T13:27:31","slug":"deroule-approfondir-vos-connaissances-en-danses-de-salon","status":"publish","type":"page","link":"https:\/\/www.troispetitspas.fr\/index.php\/deroule-approfondir-vos-connaissances-en-danses-de-salon\/","title":{"rendered":"D\u00e9roul\u00e9 Approfondir vos connaissances en danses de salon"},"content":{"rendered":"<section class=\"wpb-content-wrapper\"><p>[vc_row][vc_column][vc_column_text]<\/p>\n<h4>D\u00e9roul\u00e9 &#8220;Approfondir vos connaissances en danses de salon&#8221;<\/h4>\n<p><strong>Samedi 26 octobre 2024<\/strong><\/p>\n<p>09h00 Accueil des stagiaires, prise de contact<\/p>\n<p>09h30 &#8211; 10h00 Quelques pas de base et \u00e9tat des lieux collectifs et description des crit\u00e8res d\u2019\u00e9valuation. Positionnement des participants et mise en place de groupes de niveaux<\/p>\n<p>10h00 &#8211; 12h00 Travail technique des pas de base (Tango &#8211; Paso &#8211; Valse)<\/p>\n<p>Pause m\u00e9ridienne<\/p>\n<p>14h00 &#8211; 15h00 Travail technique des r\u00f4les f\u00e9minins et masculins<\/p>\n<p>15h00 &#8211; 17h00 Travail technique des pas de base (Boston &#8211; Java &#8211; Foxtrot)<\/p>\n<p>17h15 Point d\u2019\u00e9tape<\/p>\n<p><strong>Dimanche 27 octobre 2024<\/strong><\/p>\n<p>09h00 &#8211; 12h00 Travail technique sur les enchainements (Tango &#8211; Paso &#8211; Valse)<\/p>\n<p>Pause m\u00e9ridienne<\/p>\n<p>14h00 &#8211; 17h00 Travail technique sur les enchainements (Boston &#8211; Java &#8211; Foxtrot)<\/p>\n<p>17h15 Evaluation finale sur \u00e9preuve pratique, sc\u00e9nario de mise en pratiques (\u00e9preuves types, consignes.)<br \/>\nR\u00e9aliser 2 pendant 3 mn en prenant successivement le r\u00f4le masculin et f\u00e9minin.<\/p>\n<p>17h30 fin du stage et remise du questionnaire de satisfaction<\/p>\n<p>Modifi\u00e9 le 20 ao\u00fbt 2024 par Mario Grimaldi[\/vc_column_text][\/vc_column][\/vc_row]<\/p>\n<\/section>","protected":false},"excerpt":{"rendered":"<p>[vc_row][vc_column][vc_column_text] D\u00e9roul\u00e9 &#8220;Approfondir vos connaissances en danses de salon&#8221; Samedi 26 octobre 2024 09h00 Accueil des stagiaires, prise de contact&#8230;<\/p>\n","protected":false},"author":1,"featured_media":0,"parent":0,"menu_order":0,"comment_status":"closed","ping_status":"closed","template":"","meta":[],"_links":{"self":[{"href":"https:\/\/www.troispetitspas.fr\/index.php\/wp-json\/wp\/v2\/pages\/2193"}],"collection":[{"href":"https:\/\/www.troispetitspas.fr\/index.php\/wp-json\/wp\/v2\/pages"}],"about":[{"href":"https:\/\/www.troispetitspas.fr\/index.php\/wp-json\/wp\/v2\/types\/page"}],"author":[{"embeddable":true,"href":"https:\/\/www.troispetitspas.fr\/index.php\/wp-json\/wp\/v2\/users\/1"}],"replies":[{"embeddable":true,"href":"https:\/\/www.troispetitspas.fr\/index.php\/wp-json\/wp\/v2\/comments?post=2193"}],"version-history":[{"count":3,"href":"https:\/\/www.troispetitspas.fr\/index.php\/wp-json\/wp\/v2\/pages\/2193\/revisions"}],"predecessor-version":[{"id":2197,"href":"https:\/\/www.troispetitspas.fr\/index.php\/wp-json\/wp\/v2\/pages\/2193\/revisions\/2197"}],"wp:attachment":[{"href":"https:\/\/www.troispetitspas.fr\/index.php\/wp-json\/wp\/v2\/media?parent=2193"}],"curies":[{"name":"wp","href":"https:\/\/api.w.org\/{rel}","templated":true}]}}