{"id":2083,"date":"2023-05-23T21:20:45","date_gmt":"2023-05-23T19:20:45","guid":{"rendered":"http:\/\/79.137.34.126:8080\/?page_id=2083"},"modified":"2023-06-12T18:16:58","modified_gmt":"2023-06-12T16:16:58","slug":"accueil","status":"publish","type":"page","link":"https:\/\/www.troispetitspas.fr\/","title":{"rendered":"Accueil"},"content":{"rendered":"<section class=\"wpb-content-wrapper\"><p>[vc_row full_width=&#8221;stretch_row_content&#8221; css=&#8221;.vc_custom_1587117379229{margin-bottom: 0px !important;background-color: #2c2e3d !important;}&#8221; custom_css_code=&#8221;LmxpbmUlM0ElM0FiZWZvcmUlMjAlN0IlMEElMjAlMjAlMjAlMjBjb250ZW50JTNBJTIwJTI3JTI3JTNCJTBBJTIwJTIwJTIwJTIwcG9zaXRpb24lM0ElMjBhYnNvbHV0ZSUzQiUwQSUyMCUyMCUyMCUyMHdpZHRoJTNBJTIwMTMwcHglM0IlMEElMjAlMjAlMjAlMjBoZWlnaHQlM0ElMjAycHglM0IlMEElMjAlMjAlMjAlMjBiYWNrZ3JvdW5kJTNBJTIwJTIzMDBiY2Q0JTNCJTBBJTIwJTIwJTIwJTIwbGVmdCUzQSUyMC0xNThweCUzQiUwQSUyMCUyMCUyMCUyMHRvcCUzQSUyMDUycHglM0IlMEElN0Q=&#8221;][vc_column css=&#8221;.vc_custom_1461138599418{padding-top: 30px !important;padding-bottom: 70px !important;}&#8221;][vc_row_inner equal_height=&#8221;yes&#8221; content_placement=&#8221;middle&#8221;][vc_column_inner width=&#8221;1\/12&#8243; offset=&#8221;vc_hidden-md vc_hidden-sm vc_hidden-xs&#8221;][\/vc_column_inner][vc_column_inner disable_custom_paddings_tablet=&#8221;true&#8221; disable_custom_paddings_mobile=&#8221;true&#8221; css=&#8221;.vc_custom_1684872886041{padding-left: 135px !important;}&#8221; offset=&#8221;vc_col-lg-4\/5 vc_col-md-4\/5 vc_col-xs-4\/5&#8243; background_color_tablet=&#8221;#ba772a&#8221; background_image_tablet=&#8221;2119&#8243;][vc_column_text css_animation=&#8221;none&#8221; el_class=&#8221;line&#8221; css=&#8221;.vc_custom_1684873285501{background-image: url(http:\/\/79.137.34.126:8080\/wp-content\/uploads\/2023\/05\/31232c5c010e70482e94468fe529df29.webp?id=2119) !important;}&#8221;]<\/p>\n<div class=\"title-h1\" style=\"letter-spacing: 2.5px; text-align: center;\"><span class=\"light\" style=\"color: #fff;\">BIENVENUE CHEZ TROIS PETITS PAS<\/span><\/div>\n<div class=\"title-h1\" style=\"letter-spacing: 2.5px; text-align: center;\"><span class=\"light\" style=\"color: #fff;\"> VOTRE ORGANISME DE FORMATION<\/span><\/div>\n<p>[\/vc_column_text]<div class=\"clearboth\"><\/div><style>#thegem-divider-6a034e55ef411 {margin-top: 50px !important;}<\/style><div id=\"thegem-divider-6a034e55ef411\" class=\"gem-divider  \" style=\"\" ><\/div>[vc_column_text]<\/p>\n<blockquote><p>Depuis que nous avons ouvert nos portes, nous avons aid\u00e9 d&#8217;innombrables personnes \u00e0 r\u00e9aliser leurs r\u00eaves, tant professionnellement que personnellement. Nous nous engageons \u00e0 fournir \u00e0 nos \u00e9tudiants une \u00e9ducation, une formation et des ressources de qualit\u00e9, afin qu&#8217;ils puissent s&#8217;\u00e9panouir dans notre monde tr\u00e8s concurrentiel.<\/p>\n<p>Gr\u00e2ce \u00e0 nos options de programme souples et \u00e0 nos excellents formateurs, nous sommes certains que vous serez satisfait de votre formation.<\/p><\/blockquote>\n<p>[\/vc_column_text][\/vc_column_inner][\/vc_row_inner][vc_gmaps link=&#8221;#E-8_JTNDaWZyYW1lJTIwc3JjJTNEJTIyaHR0cHMlM0ElMkYlMkZ3d3cuZ29vZ2xlLmNvbSUyRm1hcHMlMkZlbWJlZCUzRnBiJTNEJTIxMW0xOCUyMTFtMTIlMjExbTMlMjExZDI4MDMuODQzNTQ5MjYxMTIzJTIxMmQ1LjU4ODY3MTc3Njc2MjQxNCUyMTNkNDUuMzUxOTcwMzQwOTE5MDklMjEybTMlMjExZjAlMjEyZjAlMjEzZjAlMjEzbTIlMjExaTEwMjQlMjEyaTc2OCUyMTRmMTMuMSUyMTNtMyUyMTFtMiUyMTFzMHg0NzhhZTQzNTE0MmNjYThkJTI1M0EweDdhYjUxM2FiZWExNjBlYjklMjEyc0F2LiUyNTIwZGUlMjUyMFBhdmlvdCUyNTJDJTI1MjAzODUwMCUyNTIwVm9pcm9uJTIxNWUwJTIxM20yJTIxMXNmciUyMTJzZnIlMjE0djE2ODY1ODY1OTA1NTUlMjE1bTIlMjExc2ZyJTIxMnNmciUyMiUyMHdpZHRoJTNEJTIyNjAwJTIyJTIwaGVpZ2h0JTNEJTIyNDUwJTIyJTIwc3R5bGUlM0QlMjJib3JkZXIlM0EwJTNCJTIyJTIwYWxsb3dmdWxsc2NyZWVuJTNEJTIyJTIyJTIwbG9hZGluZyUzRCUyMmxhenklMjIlMjByZWZlcnJlcnBvbGljeSUzRCUyMm5vLXJlZmVycmVyLXdoZW4tZG93bmdyYWRlJTIyJTNFJTNDJTJGaWZyYW1lJTNF&#8221; css_animation=&#8221;bounceInDown&#8221;][\/vc_column][\/vc_row][vc_row][vc_column]\n<div class=\"wpcf7 no-js\" id=\"wpcf7-f8-o1\" lang=\"fr-FR\" dir=\"ltr\">\n<div class=\"screen-reader-response\"><p role=\"status\" aria-live=\"polite\" aria-atomic=\"true\"><\/p> <ul><\/ul><\/div>\n<form action=\"\/index.php\/wp-json\/wp\/v2\/pages\/2083#wpcf7-f8-o1\" method=\"post\" class=\"wpcf7-form init\" aria-label=\"Formulaire de contact\" novalidate=\"novalidate\" data-status=\"init\">\n<div style=\"display: none;\">\n<input type=\"hidden\" name=\"_wpcf7\" value=\"8\" \/>\n<input type=\"hidden\" name=\"_wpcf7_version\" value=\"5.7.6\" \/>\n<input type=\"hidden\" name=\"_wpcf7_locale\" value=\"fr_FR\" \/>\n<input type=\"hidden\" name=\"_wpcf7_unit_tag\" value=\"wpcf7-f8-o1\" \/>\n<input type=\"hidden\" name=\"_wpcf7_container_post\" value=\"0\" \/>\n<input type=\"hidden\" name=\"_wpcf7_posted_data_hash\" value=\"\" \/>\n<\/div>\n<label> Contactez-nous pour plus d'informations ! <\/label>\n\n\n<label> Votre nom\n    <span class=\"wpcf7-form-control-wrap\" data-name=\"votre-nom\"><input size=\"40\" class=\"wpcf7-form-control wpcf7-text wpcf7-validates-as-required\" autocomplete=\"nom\" aria-required=\"true\" aria-invalid=\"false\" value=\"\" type=\"text\" name=\"votre-nom\" \/><\/span> <\/label>\n\n<label> Votre email\n    <span class=\"wpcf7-form-control-wrap\" data-name=\"votre-email\"><input size=\"40\" class=\"wpcf7-form-control wpcf7-text wpcf7-email wpcf7-validates-as-required wpcf7-validates-as-email\" autocomplete=\"email\" aria-required=\"true\" aria-invalid=\"false\" value=\"\" type=\"email\" name=\"votre-email\" \/><\/span> <\/label>\n\n<label> Sujet\n    <span class=\"wpcf7-form-control-wrap\" data-name=\"your-subject\"><input size=\"40\" class=\"wpcf7-form-control wpcf7-text wpcf7-validates-as-required\" aria-required=\"true\" aria-invalid=\"false\" value=\"\" type=\"text\" name=\"your-subject\" \/><\/span> <\/label>\n\n<label> Votre message\n    <span class=\"wpcf7-form-control-wrap\" data-name=\"your-message\"><textarea cols=\"40\" rows=\"10\" class=\"wpcf7-form-control wpcf7-textarea\" aria-invalid=\"false\" name=\"your-message\"><\/textarea><\/span> <\/label>\n\n<input class=\"wpcf7-form-control has-spinner wpcf7-submit\" type=\"submit\" value=\"Envoyer\" \/><div class=\"wpcf7-response-output\" aria-hidden=\"true\"><\/div>\n<\/form>\n<\/div>\n[\/vc_column][\/vc_row]<\/p>\n<\/section>","protected":false},"excerpt":{"rendered":"<p>[vc_row full_width=&#8221;stretch_row_content&#8221; css=&#8221;.vc_custom_1587117379229{margin-bottom: 0px !important;background-color: #2c2e3d !important;}&#8221; custom_css_code=&#8221;LmxpbmUlM0ElM0FiZWZvcmUlMjAlN0IlMEElMjAlMjAlMjAlMjBjb250ZW50JTNBJTIwJTI3JTI3JTNCJTBBJTIwJTIwJTIwJTIwcG9zaXRpb24lM0ElMjBhYnNvbHV0ZSUzQiUwQSUyMCUyMCUyMCUyMHdpZHRoJTNBJTIwMTMwcHglM0IlMEElMjAlMjAlMjAlMjBoZWlnaHQlM0ElMjAycHglM0IlMEElMjAlMjAlMjAlMjBiYWNrZ3JvdW5kJTNBJTIwJTIzMDBiY2Q0JTNCJTBBJTIwJTIwJTIwJTIwbGVmdCUzQSUyMC0xNThweCUzQiUwQSUyMCUyMCUyMCUyMHRvcCUzQSUyMDUycHglM0IlMEElN0Q=&#8221;][vc_column css=&#8221;.vc_custom_1461138599418{padding-top: 30px !important;padding-bottom: 70px !important;}&#8221;][vc_row_inner equal_height=&#8221;yes&#8221; content_placement=&#8221;middle&#8221;][vc_column_inner width=&#8221;1\/12&#8243; offset=&#8221;vc_hidden-md vc_hidden-sm vc_hidden-xs&#8221;][\/vc_column_inner][vc_column_inner disable_custom_paddings_tablet=&#8221;true&#8221;&#8230;<\/p>\n","protected":false},"author":1,"featured_media":2119,"parent":0,"menu_order":0,"comment_status":"closed","ping_status":"closed","template":"","meta":[],"_links":{"self":[{"href":"https:\/\/www.troispetitspas.fr\/index.php\/wp-json\/wp\/v2\/pages\/2083"}],"collection":[{"href":"https:\/\/www.troispetitspas.fr\/index.php\/wp-json\/wp\/v2\/pages"}],"about":[{"href":"https:\/\/www.troispetitspas.fr\/index.php\/wp-json\/wp\/v2\/types\/page"}],"author":[{"embeddable":true,"href":"https:\/\/www.troispetitspas.fr\/index.php\/wp-json\/wp\/v2\/users\/1"}],"replies":[{"embeddable":true,"href":"https:\/\/www.troispetitspas.fr\/index.php\/wp-json\/wp\/v2\/comments?post=2083"}],"version-history":[{"count":16,"href":"https:\/\/www.troispetitspas.fr\/index.php\/wp-json\/wp\/v2\/pages\/2083\/revisions"}],"predecessor-version":[{"id":2146,"href":"https:\/\/www.troispetitspas.fr\/index.php\/wp-json\/wp\/v2\/pages\/2083\/revisions\/2146"}],"wp:featuredmedia":[{"embeddable":true,"href":"https:\/\/www.troispetitspas.fr\/index.php\/wp-json\/wp\/v2\/media\/2119"}],"wp:attachment":[{"href":"https:\/\/www.troispetitspas.fr\/index.php\/wp-json\/wp\/v2\/media?parent=2083"}],"curies":[{"name":"wp","href":"https:\/\/api.w.org\/{rel}","templated":true}]}}