{"id":1945,"date":"2023-02-23T14:52:07","date_gmt":"2023-02-23T13:52:07","guid":{"rendered":"https:\/\/www.thadaro.fr\/?page_id=1945"},"modified":"2023-06-06T17:30:42","modified_gmt":"2023-06-06T15:30:42","slug":"formation-inclusive","status":"publish","type":"page","link":"https:\/\/www.troispetitspas.fr\/index.php\/formation-inclusive\/","title":{"rendered":"Formation inclusive"},"content":{"rendered":"<h2 id=\"thegem-heading-748d102\" data-animation-name=\"lines-slide-up\" data-animation-interval=\"80\">Informations pour les personnes en situations de handicap<\/h2>\n<style type=\"text\/css\">#thegem-heading-748d102 {margin: 0;}<\/style>\n<style>\/*! elementor - v3.8.1 - 13-11-2022 *\/<br \/>\n.elementor-widget-image-box .elementor-image-box-content{width:100%}@media (min-width:768px){.elementor-widget-image-box.elementor-position-left .elementor-image-box-wrapper,.elementor-widget-image-box.elementor-position-right .elementor-image-box-wrapper{display:-webkit-box;display:-ms-flexbox;display:flex}.elementor-widget-image-box.elementor-position-right .elementor-image-box-wrapper{text-align:right;-webkit-box-orient:horizontal;-webkit-box-direction:reverse;-ms-flex-direction:row-reverse;flex-direction:row-reverse}.elementor-widget-image-box.elementor-position-left .elementor-image-box-wrapper{text-align:left;-webkit-box-orient:horizontal;-webkit-box-direction:normal;-ms-flex-direction:row;flex-direction:row}.elementor-widget-image-box.elementor-position-top .elementor-image-box-img{margin:auto}.elementor-widget-image-box.elementor-vertical-align-top .elementor-image-box-wrapper{-webkit-box-align:start;-ms-flex-align:start;align-items:flex-start}.elementor-widget-image-box.elementor-vertical-align-middle .elementor-image-box-wrapper{-webkit-box-align:center;-ms-flex-align:center;align-items:center}.elementor-widget-image-box.elementor-vertical-align-bottom .elementor-image-box-wrapper{-webkit-box-align:end;-ms-flex-align:end;align-items:flex-end}}@media (max-width:767px){.elementor-widget-image-box .elementor-image-box-img{margin-left:auto!important;margin-right:auto!important;margin-bottom:15px}}.elementor-widget-image-box .elementor-image-box-img{display:inline-block}.elementor-widget-image-box .elementor-image-box-title a{color:inherit}.elementor-widget-image-box .elementor-image-box-wrapper{text-align:center}.elementor-widget-image-box .elementor-image-box-description{margin:0}<\/style>\n<figure><a href=\"https:\/\/www.agefiph.fr\/annuaire?zone=104&amp;besoin=All&amp;type_contact=All\" target=\"_blank\" rel=\"noopener\"><img decoding=\"async\" src=\"http:\/\/www.thadaro.fr\/wp-content\/uploads\/2023\/02\/logo_agefiph.png\" alt=\"\" width=\"620\" height=\"376\" \/><\/a><\/figure>\n<h3><a href=\"https:\/\/www.agefiph.fr\/annuaire?zone=104&amp;besoin=All&amp;type_contact=All\" target=\"_blank\" rel=\"noopener\">Financement des formations pour personnes en situation de handicap<\/a><\/h3>\n<figure><a href=\"https:\/\/www.agefiph.fr\/aides-handicap\/reseau-des-referents-handicap-rrh\" target=\"_blank\" rel=\"noopener\"><img decoding=\"async\" src=\"http:\/\/www.thadaro.fr\/wp-content\/uploads\/2023\/02\/logo_agefiph.png\" alt=\"\" width=\"620\" height=\"376\" \/><\/a><\/figure>\n<h3><a href=\"https:\/\/www.agefiph.fr\/aides-handicap\/reseau-des-referents-handicap-rrh\" target=\"_blank\" rel=\"noopener\">R\u00e9seau des r\u00e9f\u00e9rents handicap<\/a><\/h3>\n<figure><a href=\"https:\/\/malentendant38.org\/lassociation\/\" target=\"_blank\" rel=\"noopener\"><img decoding=\"async\" src=\"http:\/\/www.thadaro.fr\/wp-content\/uploads\/2023\/02\/logo-m38-2021-vecto-e1617195957831.jpg\" alt=\"\" width=\"288\" height=\"108\" \/><\/a><\/figure>\n<h3><a href=\"https:\/\/malentendant38.org\/lassociation\/\" target=\"_blank\" rel=\"noopener\">Association pour les personnes souffrant d&#8217;un handicap auditif<\/a><\/h3>\n<style>\/*! elementor - v3.8.1 - 13-11-2022 *\/<br \/>\n.elementor-widget-divider{--divider-border-style:none;--divider-border-width:1px;--divider-color:#2c2c2c;--divider-icon-size:20px;--divider-element-spacing:10px;--divider-pattern-height:24px;--divider-pattern-size:20px;--divider-pattern-url:none;--divider-pattern-repeat:repeat-x}.elementor-widget-divider .elementor-divider{display:-webkit-box;display:-ms-flexbox;display:flex}.elementor-widget-divider .elementor-divider__text{font-size:15px;line-height:1;max-width:95%}.elementor-widget-divider .elementor-divider__element{margin:0 var(--divider-element-spacing);-ms-flex-negative:0;flex-shrink:0}.elementor-widget-divider .elementor-icon{font-size:var(--divider-icon-size)}.elementor-widget-divider .elementor-divider-separator{display:-webkit-box;display:-ms-flexbox;display:flex;margin:0;direction:ltr}.elementor-widget-divider--view-line_icon .elementor-divider-separator,.elementor-widget-divider--view-line_text .elementor-divider-separator{-webkit-box-align:center;-ms-flex-align:center;align-items:center}.elementor-widget-divider--view-line_icon .elementor-divider-separator:after,.elementor-widget-divider--view-line_icon .elementor-divider-separator:before,.elementor-widget-divider--view-line_text .elementor-divider-separator:after,.elementor-widget-divider--view-line_text .elementor-divider-separator:before{display:block;content:\"\";border-bottom:0;-webkit-box-flex:1;-ms-flex-positive:1;flex-grow:1;border-top:var(--divider-border-width) var(--divider-border-style) var(--divider-color)}.elementor-widget-divider--element-align-left .elementor-divider .elementor-divider-separator>.elementor-divider__svg:first-of-type{-webkit-box-flex:0;-ms-flex-positive:0;flex-grow:0;-ms-flex-negative:100;flex-shrink:100}.elementor-widget-divider--element-align-left .elementor-divider-separator:before{content:none}.elementor-widget-divider--element-align-left .elementor-divider__element{margin-left:0}.elementor-widget-divider--element-align-right .elementor-divider .elementor-divider-separator>.elementor-divider__svg:last-of-type{-webkit-box-flex:0;-ms-flex-positive:0;flex-grow:0;-ms-flex-negative:100;flex-shrink:100}.elementor-widget-divider--element-align-right .elementor-divider-separator:after{content:none}.elementor-widget-divider--element-align-right .elementor-divider__element{margin-right:0}.elementor-widget-divider:not(.elementor-widget-divider--view-line_text):not(.elementor-widget-divider--view-line_icon) .elementor-divider-separator{border-top:var(--divider-border-width) var(--divider-border-style) var(--divider-color)}.elementor-widget-divider--separator-type-pattern{--divider-border-style:none}.elementor-widget-divider--separator-type-pattern.elementor-widget-divider--view-line .elementor-divider-separator,.elementor-widget-divider--separator-type-pattern:not(.elementor-widget-divider--view-line) .elementor-divider-separator:after,.elementor-widget-divider--separator-type-pattern:not(.elementor-widget-divider--view-line) .elementor-divider-separator:before,.elementor-widget-divider--separator-type-pattern:not([class*=elementor-widget-divider--view]) .elementor-divider-separator{width:100%;min-height:var(--divider-pattern-height);-webkit-mask-size:var(--divider-pattern-size) 100%;mask-size:var(--divider-pattern-size) 100%;-webkit-mask-repeat:var(--divider-pattern-repeat);mask-repeat:var(--divider-pattern-repeat);background-color:var(--divider-color);-webkit-mask-image:var(--divider-pattern-url);mask-image:var(--divider-pattern-url)}.elementor-widget-divider--no-spacing{--divider-pattern-size:auto}.elementor-widget-divider--bg-round{--divider-pattern-repeat:round}.rtl .elementor-widget-divider .elementor-divider__text{direction:rtl}.e-con-inner>.elementor-widget-divider,.e-con>.elementor-widget-divider{width:var(--container-widget-width,100%)}<\/style>\n<figure><a href=\"http:\/\/grenoble.avh.asso.fr\/\" target=\"_blank\" rel=\"noopener\"><img decoding=\"async\" src=\"http:\/\/www.thadaro.fr\/wp-content\/uploads\/2023\/02\/logo-home.png\" alt=\"\" width=\"234\" height=\"127\" \/><\/a><\/figure>\n<h3><a href=\"http:\/\/grenoble.avh.asso.fr\/\" target=\"_blank\" rel=\"noopener\">Association Valentin Ha\u00fcy (aveugles et malvoyants)<\/a><\/h3>\n<h4>DOCUMENTATION<\/h4>\n<p>Veuillez trouver ci-dessous des documents pour vous aider \u00e0 trouver les r\u00e9ponses \u00e0 vos demandes concernant le handicap et la formation.<\/p>\n<p><a href=\"https:\/\/www.troispetitspas.fr\/wp-content\/uploads\/2023\/02\/HANDICAP.pdf\" target=\"_blank\" rel=\"noopener\">Liste des prestataires d&#8217;appui sp\u00e9cifiques<\/a><\/p>\n<p><a href=\"https:\/\/www.troispetitspas.fr\/wp-content\/uploads\/2023\/02\/Liste-des-acteurs-regionaux-du-HANDICAP.pdf\" target=\"_blank\" rel=\"noopener\">Liste des acteurs r\u00e9gionaux du HANDICAP<\/a><\/p>\n<p><a href=\"https:\/\/www.troispetitspas.fr\/wp-content\/uploads\/2023\/02\/plaquette_web_bien-accueillir-PH.pdf\" target=\"_blank\" rel=\"noopener\">L&#8217;accueil des personnes handicap\u00e9es<\/a><\/p>\n<p><a href=\"https:\/\/www.troispetitspas.fr\/wp-content\/uploads\/2023\/02\/Qualiopi-et-handicap.pdf\" target=\"_blank\" rel=\"noopener\">Qualiopi et handicap<\/a><\/p>\n<p><a href=\"https:\/\/www.troispetitspas.fr\/wp-content\/uploads\/2023\/02\/agefiph_-_guide_handicap_et_formation.pdf\" target=\"_blank\" rel=\"noopener\">Guide handicap et formation<\/a><\/p>\n","protected":false},"excerpt":{"rendered":"<p>Informations pour les personnes en situations de handicap Financement des formations pour personnes en situation de handicap R\u00e9seau des r\u00e9f\u00e9rents&#8230;<\/p>\n","protected":false},"author":1,"featured_media":0,"parent":0,"menu_order":0,"comment_status":"closed","ping_status":"closed","template":"","meta":[],"_links":{"self":[{"href":"https:\/\/www.troispetitspas.fr\/index.php\/wp-json\/wp\/v2\/pages\/1945"}],"collection":[{"href":"https:\/\/www.troispetitspas.fr\/index.php\/wp-json\/wp\/v2\/pages"}],"about":[{"href":"https:\/\/www.troispetitspas.fr\/index.php\/wp-json\/wp\/v2\/types\/page"}],"author":[{"embeddable":true,"href":"https:\/\/www.troispetitspas.fr\/index.php\/wp-json\/wp\/v2\/users\/1"}],"replies":[{"embeddable":true,"href":"https:\/\/www.troispetitspas.fr\/index.php\/wp-json\/wp\/v2\/comments?post=1945"}],"version-history":[{"count":2,"href":"https:\/\/www.troispetitspas.fr\/index.php\/wp-json\/wp\/v2\/pages\/1945\/revisions"}],"predecessor-version":[{"id":2143,"href":"https:\/\/www.troispetitspas.fr\/index.php\/wp-json\/wp\/v2\/pages\/1945\/revisions\/2143"}],"wp:attachment":[{"href":"https:\/\/www.troispetitspas.fr\/index.php\/wp-json\/wp\/v2\/media?parent=1945"}],"curies":[{"name":"wp","href":"https:\/\/api.w.org\/{rel}","templated":true}]}}