{"id":1878,"date":"2023-02-22T11:58:24","date_gmt":"2023-02-22T10:58:24","guid":{"rendered":"https:\/\/www.thadaro.fr\/?page_id=1878"},"modified":"2023-06-12T18:29:21","modified_gmt":"2023-06-12T16:29:21","slug":"apprendre-le-rocknroll-deroule","status":"publish","type":"page","link":"https:\/\/www.troispetitspas.fr\/index.php\/apprendre-le-rocknroll-deroule\/","title":{"rendered":"Apprendre le ROck&#8217;n&#8217;roll &#8211; d\u00e9roul\u00e9"},"content":{"rendered":"<h4>D\u00e9roul\u00e9 \u00ab Apprendre le rock and roll 22 et 23 JUILLET 2023<\/h4>\n<p><strong>Samedi 22 juillet 2023<\/strong><\/p>\n<p>09h00 Accueil des stagiaires, prise de contact<\/p>\n<p>09h30 &#8211; 10h00 Quelques pas de base et \u00e9tat des lieux collectifs et description des crit\u00e8res d\u2019\u00e9valuation. Positionnement des participants et mise en place de groupes de niveaux<\/p>\n<p>10h00 &#8211; 10h30 Echauffement<\/p>\n<p>10h30 &#8211; 13h00 Travail technique des pas de base<\/p>\n<p>Pause m\u00e9ridienne<\/p>\n<p>14h30 &#8211; 15h30 Travail technique des r\u00f4les f\u00e9minins et masculins<\/p>\n<p>15h45 &#8211; 16h45 Synchronisation des d\u00e9parts en musique<\/p>\n<p>17h00 &#8211; 18h00 Evolution dans la salle<\/p>\n<p>18h15 Point d\u2019\u00e9tape<\/p>\n<p><strong>Dimanche 23 juillet 2023<\/strong><\/p>\n<p>09h30 &#8211; 10h00 Echauffement et reprise des acquis de la veille<\/p>\n<p>10h00 &#8211; 13h00 Travail technique sur les enchainements<\/p>\n<p>Pause m\u00e9ridienne<\/p>\n<p>14h30 &#8211; 15h30 Echauffement et travail technique plus \u00e9labor\u00e9<\/p>\n<p>15h45 &#8211; 16h45 Travail technique collectif<\/p>\n<p>17h00 &#8211; 18h00 R\u00e9vision des acquis du stage<\/p>\n<p>18h15 Evaluation finale sur \u00e9preuve pratique, sc\u00e9nario de mise en pratiques (\u00e9preuves types, consignes.)<br \/>\nR\u00e9aliser 2 pendant 3 mn en prenant successivement le r\u00f4le masculin et f\u00e9minin.<\/p>\n<p>18h30 fin du stage et remise du questionnaire de satisfaction<\/p>\n<p>Modifi\u00e9 le 13 mai 2023 par Mario Grimaldi<\/p>\n","protected":false},"excerpt":{"rendered":"<p>D\u00e9roul\u00e9 \u00ab Apprendre le rock and roll 22 et 23 JUILLET 2023 Samedi 22 juillet 2023 09h00 Accueil des stagiaires,&#8230;<\/p>\n","protected":false},"author":1,"featured_media":0,"parent":0,"menu_order":0,"comment_status":"closed","ping_status":"closed","template":"","meta":[],"_links":{"self":[{"href":"https:\/\/www.troispetitspas.fr\/index.php\/wp-json\/wp\/v2\/pages\/1878"}],"collection":[{"href":"https:\/\/www.troispetitspas.fr\/index.php\/wp-json\/wp\/v2\/pages"}],"about":[{"href":"https:\/\/www.troispetitspas.fr\/index.php\/wp-json\/wp\/v2\/types\/page"}],"author":[{"embeddable":true,"href":"https:\/\/www.troispetitspas.fr\/index.php\/wp-json\/wp\/v2\/users\/1"}],"replies":[{"embeddable":true,"href":"https:\/\/www.troispetitspas.fr\/index.php\/wp-json\/wp\/v2\/comments?post=1878"}],"version-history":[{"count":3,"href":"https:\/\/www.troispetitspas.fr\/index.php\/wp-json\/wp\/v2\/pages\/1878\/revisions"}],"predecessor-version":[{"id":2151,"href":"https:\/\/www.troispetitspas.fr\/index.php\/wp-json\/wp\/v2\/pages\/1878\/revisions\/2151"}],"wp:attachment":[{"href":"https:\/\/www.troispetitspas.fr\/index.php\/wp-json\/wp\/v2\/media?parent=1878"}],"curies":[{"name":"wp","href":"https:\/\/api.w.org\/{rel}","templated":true}]}}