{"id":1842,"date":"2023-02-22T11:34:31","date_gmt":"2023-02-22T10:34:31","guid":{"rendered":"https:\/\/145.239.197.16\/thadaro\/?page_id=1842"},"modified":"2023-06-12T18:28:42","modified_gmt":"2023-06-12T16:28:42","slug":"apprendre-le-rock-and-roll","status":"publish","type":"page","link":"https:\/\/www.troispetitspas.fr\/index.php\/apprendre-le-rock-and-roll\/","title":{"rendered":"APPRENDRE LE ROCK AND ROLL"},"content":{"rendered":"<section class=\"wpb-content-wrapper\"><p>[vc_row][vc_column][vc_column_text]<\/p>\n<h2 id=\"thegem-heading-46809f2\" data-animation-name=\"lines-slide-up\" data-animation-interval=\"80\">Apprendre les bases du Rock&#8217;n&#8217;roll<\/h2>\n<style type=\"text\/css\">#thegem-heading-46809f2 {margin: 0;}<\/style>\n<p style=\"background: transparent; border: 0px; margin-bottom: 0px; padding: 0px; vertical-align: baseline; font-size: 19px; text-align: start;\">OBJECTIFS\u00a0:<\/p>\n<p style=\"background: transparent; border: 0px; margin-bottom: 0px; padding: 0px; vertical-align: baseline; font-size: 19px; text-align: start;\">&#8211; Ma\u00eetriser les bases du rock and roll.<\/p>\n<p style=\"background: transparent; border: 0px; margin-bottom: 0px; padding: 0px; vertical-align: baseline; font-size: 19px; text-align: start;\">PUBLIC :<\/p>\n<p style=\"background: transparent; border: 0px; margin-bottom: 0px; padding: 0px; vertical-align: baseline; font-size: 19px; text-align: start;\">Animateur de danse de loisir d\u00e9sirant \u00e9largir son activit\u00e9.<\/p>\n<p style=\"background: transparent; border: 0px; margin-bottom: 0px; padding: 0px; vertical-align: baseline; font-size: 19px; text-align: start;\">PREREQUIS :<\/p>\n<p style=\"background: transparent; border: 0px; margin-bottom: 0px; padding: 0px; vertical-align: baseline; font-size: 18px; text-align: start;\">Aucun pr\u00e9requis n&#8217;est demand\u00e9.<\/p>\n<p style=\"background: transparent; border: 0px; margin-bottom: 0px; padding: 0px; vertical-align: baseline; font-size: 18px; text-align: start;\">MODALITES D&#8217;EVALUATION :<\/p>\n<p style=\"background: transparent; border: 0px; margin-bottom: 0px; padding: 0px; vertical-align: baseline; font-size: 18px; text-align: start;\">L&#8217;\u00e9valuation finale est r\u00e9alis\u00e9e \u00e0 partir de mise en situation<\/p>\n<p style=\"background: transparent; border: 0px; margin-bottom: 0px; padding: 0px; vertical-align: baseline; font-size: 18px; text-align: start;\">METHODES MOBILISEES :<\/p>\n<p style=\"background: transparent; border: 0px; margin-bottom: 0px; padding: 0px; vertical-align: baseline; font-size: 18px; text-align: start;\">D\u00e9monstration suivie d\u2019une mise en situation, vid\u00e9os et expos\u00e9s<\/p>\n<p style=\"background: transparent; border: 0px; margin-bottom: 0px; padding: 0px; vertical-align: baseline; font-size: 18px; text-align: start;\">PERSONNES EN SITUATION DE HANDICAP :<\/p>\n<p style=\"background: transparent; border: 0px; margin-bottom: 0px; padding: 0px; vertical-align: baseline; font-size: 18px; text-align: start;\">Nous contacter, nous \u00e9tudierons ensemble les am\u00e9nagements n\u00e9cessaires<\/p>\n<p style=\"background: transparent; border: 0px; margin-bottom: 0px; padding: 0px; vertical-align: baseline; font-size: 19px; text-align: start;\">DATE :<\/p>\n<p style=\"background: transparent; border: 0px; margin-bottom: 0px; padding: 0px; vertical-align: baseline; font-size: 19px; text-align: start;\">Samedi 22 et dimanche 23 Juillet 2023<\/p>\n<p style=\"background: transparent; border: 0px; margin-bottom: 0px; padding: 0px; vertical-align: baseline; font-size: 19px; text-align: start;\">LIEU :<\/p>\n<p style=\"background: transparent; border: 0px; margin-bottom: 0px; padding: 0px; vertical-align: baseline; font-size: 19px; text-align: start;\">Chez Grimaldi Danse<\/p>\n<p style=\"text-align: left;\">12 rue des pies 38360 Sassenage<\/p>\n<p style=\"text-align: left;\"><a href=\"https:\/\/www.troispetitspas.fr\/index.php\/comment-venir-au-centre\/\">Pour plus d&#8217;informations cliquez ici<\/a><\/p>\n<p style=\"background: transparent; border: 0px; margin-bottom: 0px; padding: 0px; vertical-align: baseline; font-size: 19px; text-align: start;\">DUREE :<\/p>\n<p style=\"background: transparent; border: 0px; margin-bottom: 0px; padding: 0px; vertical-align: baseline; font-size: 19px; text-align: start;\">14 heures sur 2 journ\u00e9es.<\/p>\n<p style=\"background: transparent; border: 0px; margin-bottom: 0px; padding: 0px; vertical-align: baseline; font-size: 19px; text-align: start;\">CONTENU :<\/p>\n<p style=\"background: transparent; border: 0px; margin-bottom: 0px; padding: 0px; vertical-align: baseline; font-size: 19px; text-align: start;\">&#8211; Travail sur la technique pure des bases du rock and roll<\/p>\n<p style=\"background: transparent; border: 0px; margin-bottom: 0px; padding: 0px; vertical-align: baseline; font-size: 19px; text-align: start;\">\u00a0-Travail sur les mouvements de base<\/p>\n<p style=\"background: transparent; border: 0px; margin-bottom: 0px; padding: 0px; vertical-align: baseline; font-size: 19px; text-align: start;\">MODALITES ET DELAIS D\u2019ACCES :<\/p>\n<p style=\"background: transparent; border: 0px; margin-bottom: 0px; padding: 0px; vertical-align: baseline; font-size: 19px; text-align: start;\">Inscription par mail : contact@troispetitspas.fr<\/p>\n<p style=\"background: transparent; border: 0px; margin-bottom: 0px; padding: 0px; vertical-align: baseline; font-size: 19px; text-align: start;\">Inscriptions en fonction de la disponibilit\u00e9 du candidat et des places disponibles.<\/p>\n<p style=\"background: transparent; border: 0px; margin-bottom: 0px; padding: 0px; vertical-align: baseline; font-size: 19px; text-align: start;\">Inscription obligatoire une semaine avant le d\u00e9but de la formation.<\/p>\n<p style=\"background: transparent; border: 0px; margin-bottom: 0px; padding: 0px; vertical-align: baseline; font-size: 19px; text-align: start;\">TAUX DE SATISFACTION :<\/p>\n<p style=\"background: transparent; border: 0px; margin-bottom: 0px; padding: 0px; vertical-align: baseline; font-size: 19px; text-align: start;\">(A venir)<\/p>\n<p style=\"background: transparent; border: 0px; margin-bottom: 0px; padding: 0px; vertical-align: baseline; font-size: 19px; text-align: start;\">TARIF :\u00a0420 euros<\/p>\n<p style=\"background: transparent; border: 0px; padding: 0px; vertical-align: baseline; font-size: 19px; text-align: start;\">Intervenant : Mario Grimaldi<\/p>\n<p>Page modifi\u00e9e le 13\/05\/2023<\/p>\n<p><a href=\"https:\/\/www.troispetitspas.fr\/index.php\/apprendre-le-rocknroll-deroule\/\"><br \/>\nLien vers le d\u00e9roul\u00e9<br \/>\n<\/a><\/p>\n<style>\/*! elementor - v3.8.1 - 13-11-2022 *\/<br \/>.elementor-heading-title{padding:0;margin:0;line-height:1}.elementor-widget-heading .elementor-heading-title[class*=elementor-size-]>a{color:inherit;font-size:inherit;line-height:inherit}.elementor-widget-heading .elementor-heading-title.elementor-size-small{font-size:15px}.elementor-widget-heading .elementor-heading-title.elementor-size-medium{font-size:19px}.elementor-widget-heading .elementor-heading-title.elementor-size-large{font-size:29px}.elementor-widget-heading .elementor-heading-title.elementor-size-xl{font-size:39px}.elementor-widget-heading .elementor-heading-title.elementor-size-xxl{font-size:59px}<\/style>\n<h2>Remplissez le formulaire ci-dessous si vous souhaitez vous inscrire ou avoir plus d&#8217;informations<\/h2>\n<form action=\"\/wp-admin\/admin-ajax.php#wpcf7-f1977-o1\" method=\"post\" novalidate=\"novalidate\" aria-label=\"Formulaire de contact\" data-status=\"init\"><input name=\"_wpcf7\" type=\"hidden\" value=\"1977\" \/><br \/>\n<input name=\"_wpcf7_version\" type=\"hidden\" value=\"5.7.4\" \/><br \/>\n<input name=\"_wpcf7_locale\" type=\"hidden\" value=\"fr_FR\" \/><br \/>\n<input name=\"_wpcf7_unit_tag\" type=\"hidden\" value=\"wpcf7-f1977-o1\" \/><br \/>\n<input name=\"_wpcf7_container_post\" type=\"hidden\" value=\"0\" \/><br \/>\n<input name=\"_wpcf7_posted_data_hash\" type=\"hidden\" value=\"\" \/><br \/>\n<label> Votre nom<br \/>\n<input autocomplete=\"name\" name=\"your-name\" size=\"40\" type=\"text\" value=\"\" aria-required=\"true\" aria-invalid=\"false\" \/> <\/label><br \/>\n<label> Votre e-mail<br \/>\n<input autocomplete=\"email\" name=\"your-email\" size=\"40\" type=\"email\" value=\"\" aria-required=\"true\" aria-invalid=\"false\" \/> <\/label><br \/>\n<label> Votre T\u00e9l\u00e9phone<br \/>\n[phone* your-phone] <\/label><br \/>\n<label> Objet<br \/>\n<input name=\"your-subject\" size=\"40\" type=\"text\" value=\"\" aria-required=\"true\" aria-invalid=\"false\" \/> <\/label><br \/>\n<label> Votre message (facultatif)<br \/>\n<textarea cols=\"40\" name=\"your-message\" rows=\"10\" aria-invalid=\"false\"><\/textarea> <\/label><br \/>\n<input type=\"submit\" value=\"Envoyer\" \/><\/form>\n<p>[\/vc_column_text][\/vc_column][\/vc_row]<\/p>\n<\/section>","protected":false},"excerpt":{"rendered":"<p>[vc_row][vc_column][vc_column_text] Apprendre les bases du Rock&#8217;n&#8217;roll OBJECTIFS\u00a0: &#8211; Ma\u00eetriser les bases du rock and roll. PUBLIC : Animateur de danse&#8230;<\/p>\n","protected":false},"author":1,"featured_media":0,"parent":0,"menu_order":0,"comment_status":"closed","ping_status":"closed","template":"","meta":[],"_links":{"self":[{"href":"https:\/\/www.troispetitspas.fr\/index.php\/wp-json\/wp\/v2\/pages\/1842"}],"collection":[{"href":"https:\/\/www.troispetitspas.fr\/index.php\/wp-json\/wp\/v2\/pages"}],"about":[{"href":"https:\/\/www.troispetitspas.fr\/index.php\/wp-json\/wp\/v2\/types\/page"}],"author":[{"embeddable":true,"href":"https:\/\/www.troispetitspas.fr\/index.php\/wp-json\/wp\/v2\/users\/1"}],"replies":[{"embeddable":true,"href":"https:\/\/www.troispetitspas.fr\/index.php\/wp-json\/wp\/v2\/comments?post=1842"}],"version-history":[{"count":7,"href":"https:\/\/www.troispetitspas.fr\/index.php\/wp-json\/wp\/v2\/pages\/1842\/revisions"}],"predecessor-version":[{"id":2150,"href":"https:\/\/www.troispetitspas.fr\/index.php\/wp-json\/wp\/v2\/pages\/1842\/revisions\/2150"}],"wp:attachment":[{"href":"https:\/\/www.troispetitspas.fr\/index.php\/wp-json\/wp\/v2\/media?parent=1842"}],"curies":[{"name":"wp","href":"https:\/\/api.w.org\/{rel}","templated":true}]}}